{"id":3481,"date":"2023-11-23T22:47:29","date_gmt":"2023-11-23T21:47:29","guid":{"rendered":"http:\/\/leregarddujoker.com\/?page_id=3481"},"modified":"2024-01-28T17:18:58","modified_gmt":"2024-01-28T16:18:58","slug":"mentions-legales","status":"publish","type":"page","link":"https:\/\/leregarddujoker.com\/?page_id=3481","title":{"rendered":"Mentions l\u00e9gales"},"content":{"rendered":"\t\t<div data-elementor-type=\"wp-page\" data-elementor-id=\"3481\" class=\"elementor elementor-3481\" data-elementor-post-type=\"page\">\n\t\t\t\t\t\t<section data-particle_enable=\"true\" class=\"eael-section-particles-021e4bb elementor-section elementor-top-section elementor-element elementor-element-021e4bb elementor-section-boxed elementor-section-height-default elementor-section-height-default\" data-eael_ptheme_source=\"presets\" data-preset_theme=\"nasa\" data-custom_style=\"\" data-particle-mobile-disabled=\"false\" data-id=\"021e4bb\" data-element_type=\"section\" data-e-type=\"section\" data-settings=\"{&quot;background_background&quot;:&quot;classic&quot;}\">\n\t\t\t\t\t\t\t<div class=\"elementor-background-overlay\"><\/div>\n\t\t\t\t\t\t\t<div class=\"elementor-container elementor-column-gap-default\">\n\t\t\t\t\t<div class=\"elementor-column elementor-col-100 elementor-top-column elementor-element elementor-element-cb24f4c\" data-id=\"cb24f4c\" data-element_type=\"column\" data-e-type=\"column\">\n\t\t\t<div class=\"elementor-widget-wrap elementor-element-populated\">\n\t\t\t\t\t\t<div class=\"elementor-element elementor-element-6e742b4 section-align-center section-size-large subtitle-style-default elementor-widget elementor-widget-section-heading\" data-id=\"6e742b4\" data-element_type=\"widget\" data-e-type=\"widget\" data-widget_type=\"section-heading.default\">\n\t\t\t\t<div class=\"elementor-widget-container\">\n\t\t\t\t\t<div class=\"section-heading headingstyle-subtitle\"><h5 class=\"entry-sub-title section-sub-title\">Mentions l\u00e9gales<\/h5><div class=\"section-title-wrapper\"><h2 class=\"entry-title section-title\"><\/h2><\/div><div class=\"section-description clearfix\"><div class=\"section-description-inner\"><p><strong>Nom du site: LEREGARDUJOKER<\/strong><\/p>\n<p><strong>Responsable de la publication:<\/strong> Edith BESSON<\/p>\n<p>Adresse email: besson.edith@wanadoo.fr<\/p>\n<p>Situ\u00e9 \u00e0 RIVEDOUX-PLAGE<\/p>\n<\/div><\/div><\/div>\t\t\t\t<\/div>\n\t\t\t\t<\/div>\n\t\t\t\t\t<\/div>\n\t\t<\/div>\n\t\t\t\t\t<\/div>\n\t\t<\/section>\n\t\t            <style>\n                .elementor-element-021e4bb.eael-particles-section > canvas {\n                    z-index: -1;\n                    position: absolute;\n                    top:0;\n                }\n            <\/style>\n        <div data-particle_enable=\"true\" class=\"eael-section-particles-13664c92 elementor-element elementor-element-13664c92 e-flex e-con-boxed e-con e-parent\" data-eael_ptheme_source=\"presets\" data-preset_theme=\"nasa\" data-custom_style=\"\" data-particle-mobile-disabled=\"false\" data-id=\"13664c92\" data-element_type=\"container\" data-e-type=\"container\">\n\t\t\t\t\t<div class=\"e-con-inner\">\n\t\t\t\t<div class=\"elementor-element elementor-element-6f3c1886 elementor-widget elementor-widget-text-editor\" data-id=\"6f3c1886\" data-element_type=\"widget\" data-e-type=\"widget\" data-widget_type=\"text-editor.default\">\n\t\t\t\t<div class=\"elementor-widget-container\">\n\t\t\t\t\t\t\t\t\t\n<h5 class=\"elementor-heading-title elementor-size-default wp-block-heading\"><strong style=\"font-size: 16px;\"><em>1. Droits d&rsquo;auteur<\/em><\/strong><\/h5>\n<p>Les \u0153uvres artistiques pr\u00e9sent\u00e9es sur ce site sont prot\u00e9g\u00e9es par le droit d&rsquo;auteur. Tous les droits sont r\u00e9serv\u00e9s. Il est strictement interdit de reproduire, distribuer, modifier ou utiliser ces \u0153uvres sans autorisation \u00e9crite pr\u00e9alable de l&rsquo;auteur.<\/p>\n<h5 class=\"elementor-heading-title elementor-size-default\"><strong style=\"font-size: 16px;\"><em>2. Clause de non-responsabilit\u00e9<\/em><\/strong><\/h5>\n<p>L&rsquo;auteur de ce site d\u00e9cline toute responsabilit\u00e9 quant \u00e0 l&rsquo;exactitude, la pertinence ou l&rsquo;exhaustivit\u00e9 des informations fournies. Les visiteurs utilisent le contenu du site \u00e0 leurs propres risques. L&rsquo;auteur ne peut \u00eatre tenu responsable de tout pr\u00e9judice direct ou indirect d\u00e9coulant de l&rsquo;utilisation ou de l&rsquo;interpr\u00e9tation des informations pr\u00e9sentes sur ce site.<\/p>\n<h5 class=\"elementor-heading-title elementor-size-default\"><strong style=\"font-size: 16px;\"><em>3. Utilisation des images<\/em><\/strong><\/h5>\n<p>Toute utilisation non autoris\u00e9e des images pr\u00e9sent\u00e9es sur ce site est strictement interdite. Les visiteurs ne sont pas autoris\u00e9s \u00e0 reproduire, distribuer ou utiliser les images \u00e0 des fins personnelles ou commerciales sans l&rsquo;autorisation expresse de l&rsquo;auteur.<\/p>\n<h5 class=\"elementor-heading-title elementor-size-default\"><strong style=\"font-size: 16px;\"><em>4. Liens externes<\/em><\/strong><\/h5>\n<p>Ce site peut contenir des liens vers d&rsquo;autres sites. L&rsquo;auteur n&rsquo;a aucun contr\u00f4le sur le contenu de ces sites et d\u00e9cline toute responsabilit\u00e9 quant \u00e0 leur contenu. La pr\u00e9sence de liens externes ne constitue en aucun cas une approbation ou une recommandation de ces sites.<\/p>\n<h5 class=\"elementor-heading-title elementor-size-default\"><strong style=\"font-size: 16px;\"><em>5. Comportement des utilisateurs<\/em><\/strong><\/h5>\n<p>Les utilisateurs de ce site sont tenus de se comporter de mani\u00e8re respectueuse envers l&rsquo;auteur et les autres visiteurs. Tout comportement contraire \u00e0 l&rsquo;\u00e9thique, tel que le harc\u00e8lement, la diffusion de contenu offensant, ou toute autre activit\u00e9 nuisible, est strictement interdit. L&rsquo;auteur se r\u00e9serve le droit de prendre des mesures, y compris la d\u00e9sactivation de l&rsquo;acc\u00e8s au site, en cas de violation de ces r\u00e8gles de comportement.<\/p>\n<h5 class=\"elementor-heading-title elementor-size-default\"><strong style=\"font-size: 16px;\"><em>6. R\u00e9serve de droits<\/em><\/strong><\/h5>\n<p>L&rsquo;auteur de ce site se r\u00e9serve tous les droits relatifs au contenu pr\u00e9sent\u00e9, aux conditions d&rsquo;utilisation et \u00e0 toute autre information fournie sur ce site. Ceci inclut, sans s&rsquo;y limiter, le droit de modifier, de mettre \u00e0 jour, de supprimer ou d&rsquo;ajouter du contenu, des fonctionnalit\u00e9s ou des conditions d&rsquo;utilisation \u00e0 tout moment, sans pr\u00e9avis.<\/p>\n<p>Les visiteurs du site reconnaissent que l&rsquo;auteur peut exercer ces droits discr\u00e9tionnaires et acceptent que leur utilisation continue du site apr\u00e8s toute modification constitue une acceptation desdites modifications. Il est de la responsabilit\u00e9 des utilisateurs de consulter r\u00e9guli\u00e8rement ces conditions pour rester inform\u00e9s de toute modification.<\/p>\n<p>En cas de questions concernant cette r\u00e9serve de droits ou pour toute demande d&rsquo;autorisation sp\u00e9cifique, veuillez contacter l&rsquo;auteur en utilisant les coordonn\u00e9es fournies sur le site.<\/p>\n<h5 class=\"elementor-heading-title elementor-size-default\"><strong style=\"font-size: 16px;\"><em>7. Conception et r\u00e9alisation<\/em><\/strong><\/h5>\n<p>Edith BESSON<\/p>\n<p><img fetchpriority=\"high\" decoding=\"async\" class=\"vc_single_image-img attachment-medium entered litespeed-loaded\" title=\"5847f592cef1014c0b5e4896\" src=\"https:\/\/bio17.eu\/wp-content\/uploads\/2020\/06\/5847f592cef1014c0b5e4896-300x188.png\" sizes=\"(max-width: 300px) 100vw, 300px\" srcset=\"https:\/\/bio17.eu\/wp-content\/uploads\/2020\/06\/5847f592cef1014c0b5e4896-300x188.png 300w, https:\/\/bio17.eu\/wp-content\/uploads\/2020\/06\/5847f592cef1014c0b5e4896-1024x640.png 1024w, https:\/\/bio17.eu\/wp-content\/uploads\/2020\/06\/5847f592cef1014c0b5e4896-768x480.png 768w, https:\/\/bio17.eu\/wp-content\/uploads\/2020\/06\/5847f592cef1014c0b5e4896-240x150.png 240w, https:\/\/bio17.eu\/wp-content\/uploads\/2020\/06\/5847f592cef1014c0b5e4896-600x375.png 600w, https:\/\/bio17.eu\/wp-content\/uploads\/2020\/06\/5847f592cef1014c0b5e4896.png 1280w\" alt=\"\" width=\"300\" height=\"188\" data-lazyloaded=\"1\" data-src=\"https:\/\/bio17.eu\/wp-content\/uploads\/2020\/06\/5847f592cef1014c0b5e4896-300x188.png\" data-srcset=\"https:\/\/bio17.eu\/wp-content\/uploads\/2020\/06\/5847f592cef1014c0b5e4896-300x188.png 300w, https:\/\/bio17.eu\/wp-content\/uploads\/2020\/06\/5847f592cef1014c0b5e4896-1024x640.png 1024w, https:\/\/bio17.eu\/wp-content\/uploads\/2020\/06\/5847f592cef1014c0b5e4896-768x480.png 768w, https:\/\/bio17.eu\/wp-content\/uploads\/2020\/06\/5847f592cef1014c0b5e4896-240x150.png 240w, https:\/\/bio17.eu\/wp-content\/uploads\/2020\/06\/5847f592cef1014c0b5e4896-600x375.png 600w, https:\/\/bio17.eu\/wp-content\/uploads\/2020\/06\/5847f592cef1014c0b5e4896.png 1280w\" data-sizes=\"(max-width: 300px) 100vw, 300px\" data-ll-status=\"loaded\" \/><\/p>\n<h5 class=\"elementor-heading-title elementor-size-default\"><strong style=\"font-size: 16px;\"><em>8. H\u00e9bergement du site<\/em><\/strong><\/h5>\n<p>L\u2019h\u00e9bergement du site est r\u00e9alis\u00e9 par la soci\u00e9t\u00e9 OVH Cloud, pr\u00e9c\u00e9demment OVH, h\u00e9bergeur Internet fran\u00e7ais, fond\u00e9 par Octave Klaba.<br \/>Serveur situ\u00e9 \u00e0 Paris, France<\/p>\n<p>Site:\u00a0<a href=\"https:\/\/www.ovhcloud.com\/fr\/\" target=\"_blank\" rel=\"noopener noreferrer\">https:\/\/www.ovhcloud.com\/fr\/<\/a><\/p>\n<p><img decoding=\"async\" style=\"letter-spacing: 0px;\" src=\"https:\/\/bio17.eu\/wp-content\/uploads\/2023\/01\/OVHcloud_stacked_logo_fullcolor_CMYK-300x147.png\" \/><\/p>\n<h5 class=\"elementor-heading-title elementor-size-default\"><strong style=\"font-size: 16px;\"><em>9. Cr\u00e9dits musique<\/em><\/strong><\/h5>\n<div class=\"V5XKdd\" role=\"heading\" aria-level=\"3\">\n<div class=\"ZxS7Db\">\n<div class=\"y05Tsc tNxQIb ynAwRc OSrXXb\"><span class=\"cHaqb\">Memories By Adrian Berenguer\u00a0<\/span><\/div>\n<\/div>\n<\/div>\n\t\t\t\t\t\t\t\t<\/div>\n\t\t\t\t<\/div>\n\t\t\t\t\t<\/div>\n\t\t\t\t<\/div>\n\t\t            <style>\n                .elementor-element-13664c92.eael-particles-section > canvas {\n                    z-index: -1;\n                    position: absolute;\n                    top:0;\n                }\n            <\/style>\n        \t\t<\/div>\n\t\t","protected":false},"excerpt":{"rendered":"<p>Mentions l\u00e9gales Nom du site: LEREGARDUJOKER Responsable de la publication: Edith BESSON Adresse email: besson.edith@wanadoo.fr Situ\u00e9 \u00e0 RIVEDOUX-PLAGE 1. Droits d&rsquo;auteur Les \u0153uvres artistiques pr\u00e9sent\u00e9es sur ce site sont prot\u00e9g\u00e9es par le droit d&rsquo;auteur. Tous les droits sont r\u00e9serv\u00e9s. Il est strictement interdit de reproduire, distribuer, modifier ou utiliser ces \u0153uvres sans autorisation \u00e9crite pr\u00e9alable de l&rsquo;auteur. 2. Clause de non-responsabilit\u00e9 L&rsquo;auteur de ce site d\u00e9cline toute responsabilit\u00e9 quant \u00e0 l&rsquo;exactitude, la pertinence ou l&rsquo;exhaustivit\u00e9 des informations fournies. Les visiteurs [&hellip;]<\/p>\n","protected":false},"author":1,"featured_media":0,"parent":0,"menu_order":0,"comment_status":"closed","ping_status":"closed","template":"","meta":{"tpgb_global_settings":"","_eb_attr":"","footnotes":""},"class_list":["post-3481","page","type-page","status-publish","hentry"],"yoast_head":"<!-- This site is optimized with the Yoast SEO Premium plugin v21.6 (Yoast SEO v27.4) - https:\/\/yoast.com\/product\/yoast-seo-premium-wordpress\/ -->\n<title>Mentions l\u00e9gales - Le Regard Du Joker<\/title>\n<meta name=\"robots\" content=\"noindex, follow\" \/>\n<meta property=\"og:locale\" content=\"fr_FR\" \/>\n<meta property=\"og:type\" content=\"article\" \/>\n<meta property=\"og:title\" content=\"Mentions l\u00e9gales\" \/>\n<meta property=\"og:description\" content=\"Mentions l\u00e9gales Nom du site: LEREGARDUJOKER Responsable de la publication: Edith BESSON Adresse email: besson.edith@wanadoo.fr Situ\u00e9 \u00e0 RIVEDOUX-PLAGE 1. Droits d&rsquo;auteur Les \u0153uvres artistiques pr\u00e9sent\u00e9es sur ce site sont prot\u00e9g\u00e9es par le droit d&rsquo;auteur. Tous les droits sont r\u00e9serv\u00e9s. Il est strictement interdit de reproduire, distribuer, modifier ou utiliser ces \u0153uvres sans autorisation \u00e9crite pr\u00e9alable de l&rsquo;auteur. 2. Clause de non-responsabilit\u00e9 L&rsquo;auteur de ce site d\u00e9cline toute responsabilit\u00e9 quant \u00e0 l&rsquo;exactitude, la pertinence ou l&rsquo;exhaustivit\u00e9 des informations fournies. Les visiteurs [&hellip;]\" \/>\n<meta property=\"og:url\" content=\"https:\/\/leregarddujoker.com\/?page_id=3481\" \/>\n<meta property=\"og:site_name\" content=\"Le Regard Du Joker\" \/>\n<meta property=\"article:publisher\" content=\"https:\/\/www.facebook.com\/saintartwood\" \/>\n<meta property=\"article:modified_time\" content=\"2024-01-28T16:18:58+00:00\" \/>\n<meta property=\"og:image\" content=\"https:\/\/bio17.eu\/wp-content\/uploads\/2020\/06\/5847f592cef1014c0b5e4896-300x188.png\" \/>\n<meta name=\"twitter:card\" content=\"summary_large_image\" \/>\n<meta name=\"twitter:label1\" content=\"Dur\u00e9e de lecture estim\u00e9e\" \/>\n\t<meta name=\"twitter:data1\" content=\"3 minutes\" \/>\n<script type=\"application\/ld+json\" class=\"yoast-schema-graph\">{\"@context\":\"https:\\\/\\\/schema.org\",\"@graph\":[{\"@type\":\"WebPage\",\"@id\":\"https:\\\/\\\/leregarddujoker.com\\\/?page_id=3481\",\"url\":\"https:\\\/\\\/leregarddujoker.com\\\/?page_id=3481\",\"name\":\"Mentions l\u00e9gales - Le Regard Du Joker\",\"isPartOf\":{\"@id\":\"https:\\\/\\\/leregarddujoker.com\\\/#website\"},\"primaryImageOfPage\":{\"@id\":\"https:\\\/\\\/leregarddujoker.com\\\/?page_id=3481#primaryimage\"},\"image\":{\"@id\":\"https:\\\/\\\/leregarddujoker.com\\\/?page_id=3481#primaryimage\"},\"thumbnailUrl\":\"https:\\\/\\\/bio17.eu\\\/wp-content\\\/uploads\\\/2020\\\/06\\\/5847f592cef1014c0b5e4896-300x188.png\",\"datePublished\":\"2023-11-23T21:47:29+00:00\",\"dateModified\":\"2024-01-28T16:18:58+00:00\",\"breadcrumb\":{\"@id\":\"https:\\\/\\\/leregarddujoker.com\\\/?page_id=3481#breadcrumb\"},\"inLanguage\":\"fr-FR\",\"potentialAction\":[{\"@type\":\"ReadAction\",\"target\":[\"https:\\\/\\\/leregarddujoker.com\\\/?page_id=3481\"]}]},{\"@type\":\"ImageObject\",\"inLanguage\":\"fr-FR\",\"@id\":\"https:\\\/\\\/leregarddujoker.com\\\/?page_id=3481#primaryimage\",\"url\":\"https:\\\/\\\/bio17.eu\\\/wp-content\\\/uploads\\\/2020\\\/06\\\/5847f592cef1014c0b5e4896-300x188.png\",\"contentUrl\":\"https:\\\/\\\/bio17.eu\\\/wp-content\\\/uploads\\\/2020\\\/06\\\/5847f592cef1014c0b5e4896-300x188.png\"},{\"@type\":\"BreadcrumbList\",\"@id\":\"https:\\\/\\\/leregarddujoker.com\\\/?page_id=3481#breadcrumb\",\"itemListElement\":[{\"@type\":\"ListItem\",\"position\":1,\"name\":\"Accueil\",\"item\":\"https:\\\/\\\/leregarddujoker.com\\\/\"},{\"@type\":\"ListItem\",\"position\":2,\"name\":\"Mentions l\u00e9gales\"}]},{\"@type\":\"WebSite\",\"@id\":\"https:\\\/\\\/leregarddujoker.com\\\/#website\",\"url\":\"https:\\\/\\\/leregarddujoker.com\\\/\",\"name\":\"Le Regard Du Joker\",\"description\":\"Peinture sur bois- La Rochelle- \u00cele de R\u00e9\",\"potentialAction\":[{\"@type\":\"SearchAction\",\"target\":{\"@type\":\"EntryPoint\",\"urlTemplate\":\"https:\\\/\\\/leregarddujoker.com\\\/?s={search_term_string}\"},\"query-input\":{\"@type\":\"PropertyValueSpecification\",\"valueRequired\":true,\"valueName\":\"search_term_string\"}}],\"inLanguage\":\"fr-FR\"}]}<\/script>\n<!-- \/ Yoast SEO Premium plugin. -->","yoast_head_json":{"title":"Mentions l\u00e9gales - Le Regard Du Joker","robots":{"index":"noindex","follow":"follow"},"og_locale":"fr_FR","og_type":"article","og_title":"Mentions l\u00e9gales","og_description":"Mentions l\u00e9gales Nom du site: LEREGARDUJOKER Responsable de la publication: Edith BESSON Adresse email: besson.edith@wanadoo.fr Situ\u00e9 \u00e0 RIVEDOUX-PLAGE 1. Droits d&rsquo;auteur Les \u0153uvres artistiques pr\u00e9sent\u00e9es sur ce site sont prot\u00e9g\u00e9es par le droit d&rsquo;auteur. Tous les droits sont r\u00e9serv\u00e9s. Il est strictement interdit de reproduire, distribuer, modifier ou utiliser ces \u0153uvres sans autorisation \u00e9crite pr\u00e9alable de l&rsquo;auteur. 2. Clause de non-responsabilit\u00e9 L&rsquo;auteur de ce site d\u00e9cline toute responsabilit\u00e9 quant \u00e0 l&rsquo;exactitude, la pertinence ou l&rsquo;exhaustivit\u00e9 des informations fournies. Les visiteurs [&hellip;]","og_url":"https:\/\/leregarddujoker.com\/?page_id=3481","og_site_name":"Le Regard Du Joker","article_publisher":"https:\/\/www.facebook.com\/saintartwood","article_modified_time":"2024-01-28T16:18:58+00:00","og_image":[{"url":"https:\/\/bio17.eu\/wp-content\/uploads\/2020\/06\/5847f592cef1014c0b5e4896-300x188.png","type":"","width":"","height":""}],"twitter_card":"summary_large_image","twitter_misc":{"Dur\u00e9e de lecture estim\u00e9e":"3 minutes"},"schema":{"@context":"https:\/\/schema.org","@graph":[{"@type":"WebPage","@id":"https:\/\/leregarddujoker.com\/?page_id=3481","url":"https:\/\/leregarddujoker.com\/?page_id=3481","name":"Mentions l\u00e9gales - Le Regard Du Joker","isPartOf":{"@id":"https:\/\/leregarddujoker.com\/#website"},"primaryImageOfPage":{"@id":"https:\/\/leregarddujoker.com\/?page_id=3481#primaryimage"},"image":{"@id":"https:\/\/leregarddujoker.com\/?page_id=3481#primaryimage"},"thumbnailUrl":"https:\/\/bio17.eu\/wp-content\/uploads\/2020\/06\/5847f592cef1014c0b5e4896-300x188.png","datePublished":"2023-11-23T21:47:29+00:00","dateModified":"2024-01-28T16:18:58+00:00","breadcrumb":{"@id":"https:\/\/leregarddujoker.com\/?page_id=3481#breadcrumb"},"inLanguage":"fr-FR","potentialAction":[{"@type":"ReadAction","target":["https:\/\/leregarddujoker.com\/?page_id=3481"]}]},{"@type":"ImageObject","inLanguage":"fr-FR","@id":"https:\/\/leregarddujoker.com\/?page_id=3481#primaryimage","url":"https:\/\/bio17.eu\/wp-content\/uploads\/2020\/06\/5847f592cef1014c0b5e4896-300x188.png","contentUrl":"https:\/\/bio17.eu\/wp-content\/uploads\/2020\/06\/5847f592cef1014c0b5e4896-300x188.png"},{"@type":"BreadcrumbList","@id":"https:\/\/leregarddujoker.com\/?page_id=3481#breadcrumb","itemListElement":[{"@type":"ListItem","position":1,"name":"Accueil","item":"https:\/\/leregarddujoker.com\/"},{"@type":"ListItem","position":2,"name":"Mentions l\u00e9gales"}]},{"@type":"WebSite","@id":"https:\/\/leregarddujoker.com\/#website","url":"https:\/\/leregarddujoker.com\/","name":"Le Regard Du Joker","description":"Peinture sur bois- La Rochelle- \u00cele de R\u00e9","potentialAction":[{"@type":"SearchAction","target":{"@type":"EntryPoint","urlTemplate":"https:\/\/leregarddujoker.com\/?s={search_term_string}"},"query-input":{"@type":"PropertyValueSpecification","valueRequired":true,"valueName":"search_term_string"}}],"inLanguage":"fr-FR"}]}},"tpgb_featured_images":null,"tpgb_post_meta_info":{"get_date":"23 novembre 2023","get_modified_date":"28 janvier 2024","author_name":"admin5715","author_url":"https:\/\/leregarddujoker.com\/?author=1","author_email":"besson.edith@wanadoo.fr","author_website":"http:\/\/leregarddujoker.com","author_description":"","author_facebook":"","author_twitter":"","author_instagram":"","author_role":["administrator"],"author_firstname":"","author_lastname":"","user_login":"admin5715","author_avatar":"<img alt='' src='https:\/\/secure.gravatar.com\/avatar\/f0b865e41b1651cdd4ae9174d3b9d052b670f18391c771151543d7a2c2534ca3?s=200&#038;d=mm&#038;r=g' srcset='https:\/\/secure.gravatar.com\/avatar\/f0b865e41b1651cdd4ae9174d3b9d052b670f18391c771151543d7a2c2534ca3?s=400&#038;d=mm&#038;r=g 2x' class='avatar avatar-200 photo' height='200' width='200' decoding='async'\/>","author_avatar_url":"https:\/\/secure.gravatar.com\/avatar\/f0b865e41b1651cdd4ae9174d3b9d052b670f18391c771151543d7a2c2534ca3?s=96&d=mm&r=g","comment_count":0,"post_likes":0,"post_views":0},"tpgb_post_category":[],"_links":{"self":[{"href":"https:\/\/leregarddujoker.com\/index.php?rest_route=\/wp\/v2\/pages\/3481","targetHints":{"allow":["GET"]}}],"collection":[{"href":"https:\/\/leregarddujoker.com\/index.php?rest_route=\/wp\/v2\/pages"}],"about":[{"href":"https:\/\/leregarddujoker.com\/index.php?rest_route=\/wp\/v2\/types\/page"}],"author":[{"embeddable":true,"href":"https:\/\/leregarddujoker.com\/index.php?rest_route=\/wp\/v2\/users\/1"}],"replies":[{"embeddable":true,"href":"https:\/\/leregarddujoker.com\/index.php?rest_route=%2Fwp%2Fv2%2Fcomments&post=3481"}],"version-history":[{"count":52,"href":"https:\/\/leregarddujoker.com\/index.php?rest_route=\/wp\/v2\/pages\/3481\/revisions"}],"predecessor-version":[{"id":3966,"href":"https:\/\/leregarddujoker.com\/index.php?rest_route=\/wp\/v2\/pages\/3481\/revisions\/3966"}],"wp:attachment":[{"href":"https:\/\/leregarddujoker.com\/index.php?rest_route=%2Fwp%2Fv2%2Fmedia&parent=3481"}],"curies":[{"name":"wp","href":"https:\/\/api.w.org\/{rel}","templated":true}]}}